{"id":3254,"date":"2025-08-09T11:45:20","date_gmt":"2025-08-09T11:45:20","guid":{"rendered":"https:\/\/relaycf.nl\/?page_id=3254"},"modified":"2025-08-11T10:13:18","modified_gmt":"2025-08-11T08:13:18","slug":"process-guidance-and-coordination","status":"publish","type":"page","link":"https:\/\/relaycf.nl\/en\/diensten\/ma-as-a-service\/procesbegeleiding-en-coordinatie\/","title":{"rendered":"Process supervision and coordination"},"content":{"rendered":"<div data-elementor-type=\"wp-page\" data-elementor-id=\"3254\" class=\"elementor elementor-3254\" data-elementor-post-type=\"page\">\n\t\t\t\t<div class=\"elementor-element elementor-element-8b110f1 e-flex e-con-boxed e-con e-parent\" data-id=\"8b110f1\" data-element_type=\"container\" data-e-type=\"container\" data-settings=\"{&quot;background_background&quot;:&quot;classic&quot;}\">\n\t\t\t\t\t<div class=\"e-con-inner\">\n\t\t<div class=\"elementor-element elementor-element-25b5c38 e-con-full e-flex elementor-invisible e-con e-child\" data-id=\"25b5c38\" data-element_type=\"container\" data-e-type=\"container\" data-settings=\"{&quot;animation&quot;:&quot;fadeInUp&quot;,&quot;animation_delay&quot;:300}\">\n\t\t<div class=\"elementor-element elementor-element-fc8f3ca e-con-full e-flex e-con e-child\" data-id=\"fc8f3ca\" data-element_type=\"container\" data-e-type=\"container\">\n\t\t\t\t<div class=\"elementor-element elementor-element-b1e7e4d elementor-view-default elementor-widget elementor-widget-icon\" data-id=\"b1e7e4d\" data-element_type=\"widget\" data-e-type=\"widget\" data-widget_type=\"icon.default\">\n\t\t\t\t<div class=\"elementor-widget-container\">\n\t\t\t\t\t\t\t<div class=\"elementor-icon-wrapper\">\n\t\t\t<div class=\"elementor-icon\">\n\t\t\t<svg xmlns=\"http:\/\/www.w3.org\/2000\/svg\" width=\"60\" height=\"60\" viewbox=\"0 0 60 60\"><g id=\"Group_640\" data-name=\"Group 640\" transform=\"translate(22937 18837)\"><rect id=\"Rectangle_306\" data-name=\"Rectangle 306\" width=\"60\" height=\"60\" transform=\"translate(-22937 -18837)\" fill=\"none\"><\/rect><g id=\"Group_562\" data-name=\"Group 562\" transform=\"translate(-23366.303 -19574.771)\"><g id=\"Ellipse_5\" data-name=\"Ellipse 5\" transform=\"translate(435.381 743.381)\" fill=\"none\" stroke=\"#0165e5\" stroke-width=\"2.5\"><circle cx=\"23.922\" cy=\"23.922\" r=\"23.922\" stroke=\"none\"><\/circle><circle cx=\"23.922\" cy=\"23.922\" r=\"22.672\" fill=\"none\"><\/circle><\/g><g id=\"Ellipse_6\" data-name=\"Ellipse 6\" transform=\"translate(443.144 759.225)\" fill=\"none\" stroke=\"#0165e5\" stroke-width=\"2.5\"><circle cx=\"16.159\" cy=\"16.159\" r=\"16.159\" stroke=\"none\"><\/circle><circle cx=\"16.159\" cy=\"16.159\" r=\"14.909\" fill=\"none\"><\/circle><\/g><g id=\"Ellipse_7\" data-name=\"Ellipse 7\" transform=\"translate(451.223 775.383)\" fill=\"none\" stroke=\"#0165e5\" stroke-width=\"2.5\"><circle cx=\"8.081\" cy=\"8.081\" r=\"8.081\" stroke=\"none\"><\/circle><circle cx=\"8.081\" cy=\"8.081\" r=\"6.831\" fill=\"none\"><\/circle><\/g><\/g><\/g><\/svg>\t\t\t<\/div>\n\t\t<\/div>\n\t\t\t\t\t\t<\/div>\n\t\t\t\t<\/div>\n\t\t<div class=\"elementor-element elementor-element-d2e4293 e-con-full e-flex e-con e-child\" data-id=\"d2e4293\" data-element_type=\"container\" data-e-type=\"container\">\n\t\t\t\t<div class=\"elementor-element elementor-element-e23acf0 elementor-widget elementor-widget-heading\" data-id=\"e23acf0\" data-element_type=\"widget\" data-e-type=\"widget\" data-widget_type=\"heading.default\">\n\t\t\t\t<div class=\"elementor-widget-container\">\n\t\t\t\t\t<h2 class=\"elementor-heading-title elementor-size-default\"><a href=\"https:\/\/relaycf.nl\/en\/diensten\/ma-as-a-service\/\">M&amp;A-as-a-Service<\/a><\/h2>\t\t\t\t<\/div>\n\t\t\t\t<\/div>\n\t\t\t\t<div class=\"elementor-element elementor-element-e34f59a elementor-widget elementor-widget-heading\" data-id=\"e34f59a\" data-element_type=\"widget\" data-e-type=\"widget\" data-widget_type=\"heading.default\">\n\t\t\t\t<div class=\"elementor-widget-container\">\n\t\t\t\t\t<h1 class=\"elementor-heading-title elementor-size-default\">Process supervision and coordination<\/h1>\t\t\t\t<\/div>\n\t\t\t\t<\/div>\n\t\t\t\t<\/div>\n\t\t\t\t<\/div>\n\t\t\t\t<\/div>\n\t\t\t\t\t<\/div>\n\t\t\t\t<\/div>\n\t\t<div class=\"elementor-element elementor-element-961d1a9 e-flex e-con-boxed e-con e-parent\" data-id=\"961d1a9\" data-element_type=\"container\" data-e-type=\"container\" data-settings=\"{&quot;background_background&quot;:&quot;classic&quot;}\">\n\t\t\t\t\t<div class=\"e-con-inner\">\n\t\t<div class=\"elementor-element elementor-element-a61b0fd e-con-full e-flex elementor-invisible e-con e-child\" data-id=\"a61b0fd\" data-element_type=\"container\" data-e-type=\"container\" data-settings=\"{&quot;animation&quot;:&quot;fadeInUp&quot;,&quot;animation_delay&quot;:600}\">\n\t\t<div class=\"elementor-element elementor-element-e7bd75a e-con-full e-flex e-con e-child\" data-id=\"e7bd75a\" data-element_type=\"container\" data-e-type=\"container\">\n\t\t\t\t<div class=\"elementor-element elementor-element-af1dc9d elementor-widget elementor-widget-heading\" data-id=\"af1dc9d\" data-element_type=\"widget\" data-e-type=\"widget\" data-widget_type=\"heading.default\">\n\t\t\t\t<div class=\"elementor-widget-container\">\n\t\t\t\t\t<h2 class=\"elementor-heading-title elementor-size-default\">Why<\/h2>\t\t\t\t<\/div>\n\t\t\t\t<\/div>\n\t\t\t\t<div class=\"elementor-element elementor-element-273dc8d elementor-widget elementor-widget-text-editor\" data-id=\"273dc8d\" data-element_type=\"widget\" data-e-type=\"widget\" data-widget_type=\"text-editor.default\">\n\t\t\t\t<div class=\"elementor-widget-container\">\n\t\t\t\t\t\t\t\t\t<p class=\"p1\">An M&amp;A process has many links: multiple parties, parallel workflows, tight deadlines and sensitive negotiation moments. Without clear direction, delays, confusion or loss of progress quickly occur.<\/p><p class=\"p1\">In many cases, there is insufficient capacity or experience within the team to carry out day-to-day process management alongside other work. This applies to buy-side as well as sell-side processes, and to carve-outs or complex restructurings.<\/p>\t\t\t\t\t\t\t\t<\/div>\n\t\t\t\t<\/div>\n\t\t\t\t<\/div>\n\t\t\t\t<\/div>\n\t\t<div class=\"elementor-element elementor-element-36f6797 e-con-full e-flex elementor-invisible e-con e-child\" data-id=\"36f6797\" data-element_type=\"container\" data-e-type=\"container\" data-settings=\"{&quot;animation&quot;:&quot;fadeInUp&quot;,&quot;animation_delay&quot;:600}\">\n\t\t<div class=\"elementor-element elementor-element-25c8c86 e-con-full e-flex e-con e-child\" data-id=\"25c8c86\" data-element_type=\"container\" data-e-type=\"container\">\n\t\t\t\t<div class=\"elementor-element elementor-element-069f0c2 elementor-widget elementor-widget-heading\" data-id=\"069f0c2\" data-element_type=\"widget\" data-e-type=\"widget\" data-widget_type=\"heading.default\">\n\t\t\t\t<div class=\"elementor-widget-container\">\n\t\t\t\t\t<h2 class=\"elementor-heading-title elementor-size-default\">How<\/h2>\t\t\t\t<\/div>\n\t\t\t\t<\/div>\n\t\t\t\t<div class=\"elementor-element elementor-element-f16b4ba elementor-widget elementor-widget-text-editor\" data-id=\"f16b4ba\" data-element_type=\"widget\" data-e-type=\"widget\" data-widget_type=\"text-editor.default\">\n\t\t\t\t<div class=\"elementor-widget-container\">\n\t\t\t\t\t\t\t\t\t<p class=\"p1\">We ensure a tightly coordinated process, tailored to the stage of the transaction and the role you want to maintain as a client. Our commitment ranges from supporting a project manager to completely taking over process direction.<\/p><ul class=\"ul1\"><li class=\"li1\"><b>Process design<\/b> - defining planning, phasing, documentation and communication lines<\/li><li class=\"li1\"><b>Coordination<\/b> - coordinating with internal and external parties, monitoring agreements and actions<\/li><li class=\"li1\"><b>Information management<\/b> - structuring document flows and facilitating timely availability<\/li><li class=\"li1\"><b>Progress monitoring<\/b> - monitoring deadlines, negotiation moments and critical dependencies<\/li><li class=\"li1\"><b>Closing support<\/b> - coordinating the final steps to signature and handover<\/li><\/ul><p class=\"p1\">The result: a predictable, controlled process that keeps parties aligned and brings transactions to closing without unnecessary delays.<\/p>\t\t\t\t\t\t\t\t<\/div>\n\t\t\t\t<\/div>\n\t\t\t\t<\/div>\n\t\t\t\t<\/div>\n\t\t\t\t\t<\/div>\n\t\t\t\t<\/div>\n\t\t<div class=\"elementor-element elementor-element-f087449 e-con-full e-flex e-con e-parent\" data-id=\"f087449\" data-element_type=\"container\" data-e-type=\"container\">\n\t\t\t\t<div class=\"elementor-element elementor-element-bdc14ee elementor-widget elementor-widget-template\" data-id=\"bdc14ee\" data-element_type=\"widget\" data-e-type=\"widget\" data-widget_type=\"template.default\">\n\t\t\t\t<div class=\"elementor-widget-container\">\n\t\t\t\t\t\t\t<div class=\"elementor-template\">\n\t\t\t\t\t<div data-elementor-type=\"container\" data-elementor-id=\"3193\" class=\"elementor elementor-3193\" data-elementor-post-type=\"elementor_library\">\n\t\t\t\t<div class=\"elementor-element elementor-element-4eb5283c e-flex e-con-boxed e-con e-parent\" data-id=\"4eb5283c\" data-element_type=\"container\" data-e-type=\"container\" data-settings=\"{&quot;background_background&quot;:&quot;classic&quot;}\">\n\t\t\t\t\t<div class=\"e-con-inner\">\n\t\t<div class=\"elementor-element elementor-element-6f7dabfc e-con-full e-flex elementor-invisible e-con e-child\" data-id=\"6f7dabfc\" data-element_type=\"container\" data-e-type=\"container\" data-settings=\"{&quot;animation&quot;:&quot;fadeInUp&quot;,&quot;animation_delay&quot;:600}\">\n\t\t<div class=\"elementor-element elementor-element-5ce9cd4f e-con-full e-flex e-con e-child\" data-id=\"5ce9cd4f\" data-element_type=\"container\" data-e-type=\"container\" data-settings=\"{&quot;background_background&quot;:&quot;classic&quot;}\">\n\t\t<div class=\"elementor-element elementor-element-302c9053 e-con-full e-flex e-con e-child\" data-id=\"302c9053\" data-element_type=\"container\" data-e-type=\"container\">\n\t\t\t\t<div class=\"elementor-element elementor-element-16246099 elementor-widget elementor-widget-heading\" data-id=\"16246099\" data-element_type=\"widget\" data-e-type=\"widget\" data-widget_type=\"heading.default\">\n\t\t\t\t<div class=\"elementor-widget-container\">\n\t\t\t\t\t<h2 class=\"elementor-heading-title elementor-size-default\">Questions on this topic?<\/h2>\t\t\t\t<\/div>\n\t\t\t\t<\/div>\n\t\t\t\t<div class=\"elementor-element elementor-element-3c3af070 elementor-widget elementor-widget-text-editor\" data-id=\"3c3af070\" data-element_type=\"widget\" data-e-type=\"widget\" data-widget_type=\"text-editor.default\">\n\t\t\t\t<div class=\"elementor-widget-container\">\n\t\t\t\t\t\t\t\t\t<p>Get in touch with us!<\/p>\t\t\t\t\t\t\t\t<\/div>\n\t\t\t\t<\/div>\n\t\t\t\t<\/div>\n\t\t\t\t<div class=\"elementor-element elementor-element-62db4275 elementor-widget elementor-widget-button\" data-id=\"62db4275\" data-element_type=\"widget\" data-e-type=\"widget\" data-widget_type=\"button.default\">\n\t\t\t\t<div class=\"elementor-widget-container\">\n\t\t\t\t\t\t\t\t\t<div class=\"elementor-button-wrapper\">\n\t\t\t\t\t<a class=\"elementor-button elementor-button-link elementor-size-sm\" href=\"https:\/\/relaycf.nl\/en\/contact\/\">\n\t\t\t\t\t\t<span class=\"elementor-button-content-wrapper\">\n\t\t\t\t\t\t<span class=\"elementor-button-icon\">\n\t\t\t\t<svg xmlns=\"http:\/\/www.w3.org\/2000\/svg\" width=\"13.887\" height=\"13.887\" viewbox=\"0 0 13.887 13.887\"><path id=\"Icon_material-arrow-forward\" data-name=\"Icon material-arrow-forward\" d=\"M6.943,0,5.719,1.224l4.843,4.851H0V7.811H10.562L5.719,12.662l1.224,1.224,6.943-6.943Z\" fill=\"#fff\"><\/path><\/svg>\t\t\t<\/span>\n\t\t\t\t\t\t\t\t\t<span class=\"elementor-button-text\">Get in touch<\/span>\n\t\t\t\t\t<\/span>\n\t\t\t\t\t<\/a>\n\t\t\t\t<\/div>\n\t\t\t\t\t\t\t\t<\/div>\n\t\t\t\t<\/div>\n\t\t\t\t<\/div>\n\t\t\t\t<\/div>\n\t\t\t\t\t<\/div>\n\t\t\t\t<\/div>\n\t\t\t\t<\/div>\n\t\t\t\t<\/div>\n\t\t\t\t\t\t<\/div>\n\t\t\t\t<\/div>\n\t\t\t\t<\/div>\n\t\t\t\t<\/div>","protected":false},"excerpt":{"rendered":"<p>M&amp;A-as-a-Service Procesbegeleiding en Co\u00f6rdinatie Waarom Een M&amp;A-proces kent veel schakels: meerdere partijen, parallelle werkstromen, strakke deadlines en gevoelige onderhandelingsmomenten. Zonder duidelijke regie ontstaat al snel vertraging, verwarring of verlies van voortgang. In veel gevallen is er binnen het team onvoldoende capaciteit of ervaring om de dagelijkse processturing naast andere werkzaamheden uit te voeren. Dat geldt [&hellip;]<\/p>\n","protected":false},"author":1,"featured_media":0,"parent":1220,"menu_order":0,"comment_status":"closed","ping_status":"closed","template":"","meta":{"_acf_changed":false,"_improvement_type_select":"improve_an_existing","_thumb_yes_seoaic":false,"_frame_yes_seoaic":false,"seoaic_generate_description":"","seoaic_improve_instructions_prompt":"","seoaic_rollback_content_improvement":"","seoaic_idea_thumbnail_generator":"","thumbnail_generated":false,"thumbnail_generate_prompt":"","seoaic_article_description":"","footnotes":""},"class_list":["post-3254","page","type-page","status-publish","hentry"],"acf":[],"yoast_head":"<!-- This site is optimized with the Yoast SEO plugin v27.3 - https:\/\/yoast.com\/product\/yoast-seo-wordpress\/ -->\n<title>RELAY - Procesbegeleiding en Co\u00f6rdinatie<\/title>\n<meta name=\"description\" content=\"Strakke procesbegeleiding en co\u00f6rdinatie voor een soepel, effici\u00ebnt M&amp;A-traject zonder vertraging, met overzicht en regie van start tot closing.\" \/>\n<meta name=\"robots\" content=\"index, follow, max-snippet:-1, max-image-preview:large, max-video-preview:-1\" \/>\n<link rel=\"canonical\" href=\"https:\/\/relaycf.nl\/en\/services\/ma-as-a-service\/process-guidance-and-coordination\/\" \/>\n<meta property=\"og:locale\" content=\"en_GB\" \/>\n<meta property=\"og:type\" content=\"article\" \/>\n<meta property=\"og:title\" content=\"RELAY - Procesbegeleiding en Co\u00f6rdinatie\" \/>\n<meta property=\"og:description\" content=\"Strakke procesbegeleiding en co\u00f6rdinatie voor een soepel, effici\u00ebnt M&amp;A-traject zonder vertraging, met overzicht en regie van start tot closing.\" \/>\n<meta property=\"og:url\" content=\"https:\/\/relaycf.nl\/en\/services\/ma-as-a-service\/process-guidance-and-coordination\/\" \/>\n<meta property=\"og:site_name\" content=\"RELAY\" \/>\n<meta property=\"article:modified_time\" content=\"2025-08-11T08:13:18+00:00\" \/>\n<meta name=\"twitter:card\" content=\"summary_large_image\" \/>\n<meta name=\"twitter:label1\" content=\"Estimated reading time\" \/>\n\t<meta name=\"twitter:data1\" content=\"1 minute\" \/>\n<script type=\"application\/ld+json\" class=\"yoast-schema-graph\">{\"@context\":\"https:\\\/\\\/schema.org\",\"@graph\":[{\"@type\":\"WebPage\",\"@id\":\"https:\\\/\\\/relaycf.nl\\\/diensten\\\/ma-as-a-service\\\/procesbegeleiding-en-coordinatie\\\/\",\"url\":\"https:\\\/\\\/relaycf.nl\\\/diensten\\\/ma-as-a-service\\\/procesbegeleiding-en-coordinatie\\\/\",\"name\":\"RELAY - Procesbegeleiding en Co\u00f6rdinatie\",\"isPartOf\":{\"@id\":\"https:\\\/\\\/relaycf.nl\\\/#website\"},\"datePublished\":\"2025-08-09T11:45:20+00:00\",\"dateModified\":\"2025-08-11T08:13:18+00:00\",\"description\":\"Strakke procesbegeleiding en co\u00f6rdinatie voor een soepel, effici\u00ebnt M&A-traject zonder vertraging, met overzicht en regie van start tot closing.\",\"breadcrumb\":{\"@id\":\"https:\\\/\\\/relaycf.nl\\\/diensten\\\/ma-as-a-service\\\/procesbegeleiding-en-coordinatie\\\/#breadcrumb\"},\"inLanguage\":\"en-GB\",\"potentialAction\":[{\"@type\":\"ReadAction\",\"target\":[\"https:\\\/\\\/relaycf.nl\\\/diensten\\\/ma-as-a-service\\\/procesbegeleiding-en-coordinatie\\\/\"]}]},{\"@type\":\"BreadcrumbList\",\"@id\":\"https:\\\/\\\/relaycf.nl\\\/diensten\\\/ma-as-a-service\\\/procesbegeleiding-en-coordinatie\\\/#breadcrumb\",\"itemListElement\":[{\"@type\":\"ListItem\",\"position\":1,\"name\":\"Home\",\"item\":\"https:\\\/\\\/relaycf.nl\\\/\"},{\"@type\":\"ListItem\",\"position\":2,\"name\":\"Diensten\",\"item\":\"https:\\\/\\\/relaycf.nl\\\/diensten\\\/\"},{\"@type\":\"ListItem\",\"position\":3,\"name\":\"M&#038;A-as-a-Service\",\"item\":\"https:\\\/\\\/relaycf.nl\\\/diensten\\\/ma-as-a-service\\\/\"},{\"@type\":\"ListItem\",\"position\":4,\"name\":\"Procesbegeleiding en Co\u00f6rdinatie\"}]},{\"@type\":\"WebSite\",\"@id\":\"https:\\\/\\\/relaycf.nl\\\/#website\",\"url\":\"https:\\\/\\\/relaycf.nl\\\/\",\"name\":\"RELAY\",\"description\":\"\",\"publisher\":{\"@id\":\"https:\\\/\\\/relaycf.nl\\\/#organization\"},\"potentialAction\":[{\"@type\":\"SearchAction\",\"target\":{\"@type\":\"EntryPoint\",\"urlTemplate\":\"https:\\\/\\\/relaycf.nl\\\/?s={search_term_string}\"},\"query-input\":{\"@type\":\"PropertyValueSpecification\",\"valueRequired\":true,\"valueName\":\"search_term_string\"}}],\"inLanguage\":\"en-GB\"},{\"@type\":\"Organization\",\"@id\":\"https:\\\/\\\/relaycf.nl\\\/#organization\",\"name\":\"RELAY\",\"url\":\"https:\\\/\\\/relaycf.nl\\\/\",\"logo\":{\"@type\":\"ImageObject\",\"inLanguage\":\"en-GB\",\"@id\":\"https:\\\/\\\/relaycf.nl\\\/#\\\/schema\\\/logo\\\/image\\\/\",\"url\":\"https:\\\/\\\/relaycf.nl\\\/wp-content\\\/uploads\\\/2025\\\/07\\\/Relay-logo.svg\",\"contentUrl\":\"https:\\\/\\\/relaycf.nl\\\/wp-content\\\/uploads\\\/2025\\\/07\\\/Relay-logo.svg\",\"width\":171,\"height\":29,\"caption\":\"RELAY\"},\"image\":{\"@id\":\"https:\\\/\\\/relaycf.nl\\\/#\\\/schema\\\/logo\\\/image\\\/\"}}]}<\/script>\n<!-- \/ Yoast SEO plugin. -->","yoast_head_json":{"title":"RELAY - Process supervision and coordination","description":"Tight process supervision and coordination for a smooth, efficient M&amp;A process without delays, with overview and direction from start to closing.","robots":{"index":"index","follow":"follow","max-snippet":"max-snippet:-1","max-image-preview":"max-image-preview:large","max-video-preview":"max-video-preview:-1"},"canonical":"https:\/\/relaycf.nl\/en\/services\/ma-as-a-service\/process-guidance-and-coordination\/","og_locale":"en_GB","og_type":"article","og_title":"RELAY - Procesbegeleiding en Co\u00f6rdinatie","og_description":"Strakke procesbegeleiding en co\u00f6rdinatie voor een soepel, effici\u00ebnt M&A-traject zonder vertraging, met overzicht en regie van start tot closing.","og_url":"https:\/\/relaycf.nl\/en\/services\/ma-as-a-service\/process-guidance-and-coordination\/","og_site_name":"RELAY","article_modified_time":"2025-08-11T08:13:18+00:00","twitter_card":"summary_large_image","twitter_misc":{"Estimated reading time":"1 minute"},"schema":{"@context":"https:\/\/schema.org","@graph":[{"@type":"WebPage","@id":"https:\/\/relaycf.nl\/diensten\/ma-as-a-service\/procesbegeleiding-en-coordinatie\/","url":"https:\/\/relaycf.nl\/diensten\/ma-as-a-service\/procesbegeleiding-en-coordinatie\/","name":"RELAY - Process supervision and coordination","isPartOf":{"@id":"https:\/\/relaycf.nl\/#website"},"datePublished":"2025-08-09T11:45:20+00:00","dateModified":"2025-08-11T08:13:18+00:00","description":"Tight process supervision and coordination for a smooth, efficient M&amp;A process without delays, with overview and direction from start to closing.","breadcrumb":{"@id":"https:\/\/relaycf.nl\/diensten\/ma-as-a-service\/procesbegeleiding-en-coordinatie\/#breadcrumb"},"inLanguage":"en-GB","potentialAction":[{"@type":"ReadAction","target":["https:\/\/relaycf.nl\/diensten\/ma-as-a-service\/procesbegeleiding-en-coordinatie\/"]}]},{"@type":"BreadcrumbList","@id":"https:\/\/relaycf.nl\/diensten\/ma-as-a-service\/procesbegeleiding-en-coordinatie\/#breadcrumb","itemListElement":[{"@type":"ListItem","position":1,"name":"Home","item":"https:\/\/relaycf.nl\/"},{"@type":"ListItem","position":2,"name":"Diensten","item":"https:\/\/relaycf.nl\/diensten\/"},{"@type":"ListItem","position":3,"name":"M&#038;A-as-a-Service","item":"https:\/\/relaycf.nl\/diensten\/ma-as-a-service\/"},{"@type":"ListItem","position":4,"name":"Procesbegeleiding en Co\u00f6rdinatie"}]},{"@type":"WebSite","@id":"https:\/\/relaycf.nl\/#website","url":"https:\/\/relaycf.nl\/","name":"RELAY","description":"","publisher":{"@id":"https:\/\/relaycf.nl\/#organization"},"potentialAction":[{"@type":"SearchAction","target":{"@type":"EntryPoint","urlTemplate":"https:\/\/relaycf.nl\/?s={search_term_string}"},"query-input":{"@type":"PropertyValueSpecification","valueRequired":true,"valueName":"search_term_string"}}],"inLanguage":"en-GB"},{"@type":"Organization","@id":"https:\/\/relaycf.nl\/#organization","name":"RELAY","url":"https:\/\/relaycf.nl\/","logo":{"@type":"ImageObject","inLanguage":"en-GB","@id":"https:\/\/relaycf.nl\/#\/schema\/logo\/image\/","url":"https:\/\/relaycf.nl\/wp-content\/uploads\/2025\/07\/Relay-logo.svg","contentUrl":"https:\/\/relaycf.nl\/wp-content\/uploads\/2025\/07\/Relay-logo.svg","width":171,"height":29,"caption":"RELAY"},"image":{"@id":"https:\/\/relaycf.nl\/#\/schema\/logo\/image\/"}}]}},"_links":{"self":[{"href":"https:\/\/relaycf.nl\/en\/wp-json\/wp\/v2\/pages\/3254","targetHints":{"allow":["GET"]}}],"collection":[{"href":"https:\/\/relaycf.nl\/en\/wp-json\/wp\/v2\/pages"}],"about":[{"href":"https:\/\/relaycf.nl\/en\/wp-json\/wp\/v2\/types\/page"}],"author":[{"embeddable":true,"href":"https:\/\/relaycf.nl\/en\/wp-json\/wp\/v2\/users\/1"}],"replies":[{"embeddable":true,"href":"https:\/\/relaycf.nl\/en\/wp-json\/wp\/v2\/comments?post=3254"}],"version-history":[{"count":5,"href":"https:\/\/relaycf.nl\/en\/wp-json\/wp\/v2\/pages\/3254\/revisions"}],"predecessor-version":[{"id":3473,"href":"https:\/\/relaycf.nl\/en\/wp-json\/wp\/v2\/pages\/3254\/revisions\/3473"}],"up":[{"embeddable":true,"href":"https:\/\/relaycf.nl\/en\/wp-json\/wp\/v2\/pages\/1220"}],"wp:attachment":[{"href":"https:\/\/relaycf.nl\/en\/wp-json\/wp\/v2\/media?parent=3254"}],"curies":[{"name":"wp","href":"https:\/\/api.w.org\/{rel}","templated":true}]}}